{"id":90,"date":"2026-04-04T15:53:14","date_gmt":"2026-04-04T15:53:14","guid":{"rendered":"https:\/\/2bepro.com\/index.php\/o-que-a-2bepro-nao-e\/"},"modified":"2026-04-05T08:19:09","modified_gmt":"2026-04-05T08:19:09","slug":"o-que-a-2bepro-nao-e","status":"publish","type":"page","link":"https:\/\/2bepro.com\/index.php\/o-que-a-2bepro-nao-e\/","title":{"rendered":"O que a 2BePro n\u00e3o \u00e9"},"content":{"rendered":"<p class=\"b2p-page-signature\">2BePro &#8211; Brain Capital Company<\/p>\n<h2>O que a 2BePro n\u00e3o \u00e9<\/h2>\n<p>P\u00e1gina de refer\u00eancia para enquadramento estrat\u00e9gico da proposta 2BePro.<\/p>\n<p class=\"b2p-decision-ctas\"><a class=\"b2p-decision-btn\" href=\"\/index.php\/o-nosso-metodo\/\">Ver O Nosso M\u00e9todo<\/a><a class=\"b2p-decision-btn b2p-decision-btn-ghost\" href=\"\/index.php\/contacto\/\">Contacto<\/a><\/p>\n","protected":false},"excerpt":{"rendered":"<p>2BePro &#8211; Brain Capital Company O que a 2BePro n\u00e3o \u00e9 P\u00e1gina de refer\u00eancia para enquadramento estrat\u00e9gico da proposta 2BePro. Ver O Nosso M\u00e9todoContacto<\/p>\n","protected":false},"author":2,"featured_media":0,"parent":0,"menu_order":0,"comment_status":"closed","ping_status":"closed","template":"","meta":{"footnotes":""},"class_list":["post-90","page","type-page","status-publish","hentry"],"yoast_head":"<!-- This site is optimized with the Yoast SEO plugin v26.0 - https:\/\/yoast.com\/wordpress\/plugins\/seo\/ -->\n<title>O que a 2BePro n\u00e3o \u00e9 - 2BePro - Brain Capital Company<\/title>\n<meta name=\"description\" content=\"A 2BePro - Brain Capital Company traduz Brain Capital em vantagem estrat\u00e9gica: decis\u00e3o de qualidade, clareza executiva e integra\u00e7\u00e3o humano-IA.\" \/>\n<meta name=\"robots\" content=\"index, follow, max-snippet:-1, max-image-preview:large, max-video-preview:-1\" \/>\n<link rel=\"canonical\" href=\"https:\/\/2bepro.com\/index.php\/o-que-a-2bepro-nao-e\/\" \/>\n<meta property=\"og:locale\" content=\"pt_PT\" \/>\n<meta property=\"og:type\" content=\"article\" \/>\n<meta property=\"og:title\" content=\"O que a 2BePro n\u00e3o \u00e9 - 2bepro\" \/>\n<meta property=\"og:description\" content=\"A 2BePro - Brain Capital Company traduz Brain Capital em vantagem estrat\u00e9gica: decis\u00e3o de qualidade, clareza executiva e integra\u00e7\u00e3o humano-IA.\" \/>\n<meta property=\"og:url\" content=\"https:\/\/2bepro.com\/index.php\/o-que-a-2bepro-nao-e\/\" \/>\n<meta property=\"og:site_name\" content=\"2bepro\" \/>\n<meta property=\"article:modified_time\" content=\"2026-04-05T08:19:09+00:00\" \/>\n<meta name=\"twitter:card\" content=\"summary_large_image\" \/>\n<meta name=\"twitter:description\" content=\"A 2BePro - Brain Capital Company traduz Brain Capital em vantagem estrat\u00e9gica: decis\u00e3o de qualidade, clareza executiva e integra\u00e7\u00e3o humano-IA.\" \/>\n<script type=\"application\/ld+json\" class=\"yoast-schema-graph\">{\"@context\":\"https:\/\/schema.org\",\"@graph\":[{\"@type\":\"WebPage\",\"@id\":\"https:\/\/2bepro.com\/index.php\/o-que-a-2bepro-nao-e\/\",\"url\":\"https:\/\/2bepro.com\/index.php\/o-que-a-2bepro-nao-e\/\",\"name\":\"O que a 2BePro n\u00e3o \u00e9 - 2bepro\",\"isPartOf\":{\"@id\":\"https:\/\/2bepro.com\/#website\"},\"datePublished\":\"2026-04-04T15:53:14+00:00\",\"dateModified\":\"2026-04-05T08:19:09+00:00\",\"breadcrumb\":{\"@id\":\"https:\/\/2bepro.com\/index.php\/o-que-a-2bepro-nao-e\/#breadcrumb\"},\"inLanguage\":\"pt-PT\",\"potentialAction\":[{\"@type\":\"ReadAction\",\"target\":[\"https:\/\/2bepro.com\/index.php\/o-que-a-2bepro-nao-e\/\"]}]},{\"@type\":\"BreadcrumbList\",\"@id\":\"https:\/\/2bepro.com\/index.php\/o-que-a-2bepro-nao-e\/#breadcrumb\",\"itemListElement\":[{\"@type\":\"ListItem\",\"position\":1,\"name\":\"In\u00edcio\",\"item\":\"https:\/\/2bepro.com\/\"},{\"@type\":\"ListItem\",\"position\":2,\"name\":\"O que a 2BePro n\u00e3o \u00e9\"}]},{\"@type\":\"WebSite\",\"@id\":\"https:\/\/2bepro.com\/#website\",\"url\":\"https:\/\/2bepro.com\/\",\"name\":\"2bepro\",\"description\":\"\",\"potentialAction\":[{\"@type\":\"SearchAction\",\"target\":{\"@type\":\"EntryPoint\",\"urlTemplate\":\"https:\/\/2bepro.com\/?s={search_term_string}\"},\"query-input\":{\"@type\":\"PropertyValueSpecification\",\"valueRequired\":true,\"valueName\":\"search_term_string\"}}],\"inLanguage\":\"pt-PT\"}]}<\/script>\n<!-- \/ Yoast SEO plugin. -->","yoast_head_json":{"title":"O que a 2BePro n\u00e3o \u00e9 - 2BePro - Brain Capital Company","description":"A 2BePro - Brain Capital Company traduz Brain Capital em vantagem estrat\u00e9gica: decis\u00e3o de qualidade, clareza executiva e integra\u00e7\u00e3o humano-IA.","robots":{"index":"index","follow":"follow","max-snippet":"max-snippet:-1","max-image-preview":"max-image-preview:large","max-video-preview":"max-video-preview:-1"},"canonical":"https:\/\/2bepro.com\/index.php\/o-que-a-2bepro-nao-e\/","og_locale":"pt_PT","og_type":"article","og_title":"O que a 2BePro n\u00e3o \u00e9 - 2bepro","og_description":"A 2BePro - Brain Capital Company traduz Brain Capital em vantagem estrat\u00e9gica: decis\u00e3o de qualidade, clareza executiva e integra\u00e7\u00e3o humano-IA.","og_url":"https:\/\/2bepro.com\/index.php\/o-que-a-2bepro-nao-e\/","og_site_name":"2bepro","article_modified_time":"2026-04-05T08:19:09+00:00","twitter_card":"summary_large_image","twitter_description":"A 2BePro - Brain Capital Company traduz Brain Capital em vantagem estrat\u00e9gica: decis\u00e3o de qualidade, clareza executiva e integra\u00e7\u00e3o humano-IA.","schema":{"@context":"https:\/\/schema.org","@graph":[{"@type":"WebPage","@id":"https:\/\/2bepro.com\/index.php\/o-que-a-2bepro-nao-e\/","url":"https:\/\/2bepro.com\/index.php\/o-que-a-2bepro-nao-e\/","name":"O que a 2BePro n\u00e3o \u00e9 - 2bepro","isPartOf":{"@id":"https:\/\/2bepro.com\/#website"},"datePublished":"2026-04-04T15:53:14+00:00","dateModified":"2026-04-05T08:19:09+00:00","breadcrumb":{"@id":"https:\/\/2bepro.com\/index.php\/o-que-a-2bepro-nao-e\/#breadcrumb"},"inLanguage":"pt-PT","potentialAction":[{"@type":"ReadAction","target":["https:\/\/2bepro.com\/index.php\/o-que-a-2bepro-nao-e\/"]}]},{"@type":"BreadcrumbList","@id":"https:\/\/2bepro.com\/index.php\/o-que-a-2bepro-nao-e\/#breadcrumb","itemListElement":[{"@type":"ListItem","position":1,"name":"In\u00edcio","item":"https:\/\/2bepro.com\/"},{"@type":"ListItem","position":2,"name":"O que a 2BePro n\u00e3o \u00e9"}]},{"@type":"WebSite","@id":"https:\/\/2bepro.com\/#website","url":"https:\/\/2bepro.com\/","name":"2bepro","description":"","potentialAction":[{"@type":"SearchAction","target":{"@type":"EntryPoint","urlTemplate":"https:\/\/2bepro.com\/?s={search_term_string}"},"query-input":{"@type":"PropertyValueSpecification","valueRequired":true,"valueName":"search_term_string"}}],"inLanguage":"pt-PT"}]}},"_links":{"self":[{"href":"https:\/\/2bepro.com\/index.php\/wp-json\/wp\/v2\/pages\/90","targetHints":{"allow":["GET"]}}],"collection":[{"href":"https:\/\/2bepro.com\/index.php\/wp-json\/wp\/v2\/pages"}],"about":[{"href":"https:\/\/2bepro.com\/index.php\/wp-json\/wp\/v2\/types\/page"}],"author":[{"embeddable":true,"href":"https:\/\/2bepro.com\/index.php\/wp-json\/wp\/v2\/users\/2"}],"replies":[{"embeddable":true,"href":"https:\/\/2bepro.com\/index.php\/wp-json\/wp\/v2\/comments?post=90"}],"version-history":[{"count":1,"href":"https:\/\/2bepro.com\/index.php\/wp-json\/wp\/v2\/pages\/90\/revisions"}],"predecessor-version":[{"id":93,"href":"https:\/\/2bepro.com\/index.php\/wp-json\/wp\/v2\/pages\/90\/revisions\/93"}],"wp:attachment":[{"href":"https:\/\/2bepro.com\/index.php\/wp-json\/wp\/v2\/media?parent=90"}],"curies":[{"name":"wp","href":"https:\/\/api.w.org\/{rel}","templated":true}]}}